{"id":1530,"date":"2024-04-05T22:30:44","date_gmt":"2024-04-05T21:30:44","guid":{"rendered":"https:\/\/solenmaster.ba\/?post_type=product&#038;p=1530"},"modified":"2024-05-10T05:25:20","modified_gmt":"2024-05-10T04:25:20","slug":"model-unisol-16","status":"publish","type":"product","link":"https:\/\/solenmaster.ba\/en\/product\/model-unisol-16\/","title":{"rendered":"Model UniSol16"},"content":{"rendered":"<p>410mm length without lead + 45mm lead<\/p>\n<p><strong>Suitable for:<\/strong><\/p>\n<p class=\"p1\"><strong>CREATON:<\/strong> Domino, Eleganz, Kera, Ratio, Verh\u00e4ltnis (PL), H\u00f6n (IT), H\u00f6n (BeNeLux), Rustico, Cantus, Terra Optima, Mikado, Herzziegel, Terra Classica, Falzziegel, Megaton<\/p>\n<p class=\"p1\"><strong>NELSKAMP:<\/strong> Doppelmuldenfalz-Ziegel D 15 \u00dc, Doppelmuldenfalz-Ziegel D 13 \u00dc, Hohlziegel, Reform-Ziegel R 13 S (Verschiebeziegel), Flachschiebeziegel R13 S, Rheinland-Ziegel R15<\/p>\n<p class=\"p1\"><strong>BRAAS:<\/strong> Br\u00fcgger, Horizon, Granat 11V, Granat 13V, Granat 15V, Topas 11V, Topas 13V, Topas 15 (Standard), Monier France Comte, Monier Marseille, Monier Br\u00fcgger, Monier Horizont, Monier Vlakke Mulde, Monier DNH-V (OHV), New Holl\u00e4nder-V, Cobert Klinker Virtus, Cobert Marseille Collado, Cobert Marseille Logistik<\/p>\n<p class=\"p1\"><strong>ERLUS:<\/strong> Karat, Falzziegel, Gro\u00dffalzziegel<\/p>\n<p class=\"p1\"><strong>LAUMANS:<\/strong> Mulden variabel, Hohlpfanne (Langschnitt), Hohlpfanne (Kurzschnitt)<\/p>\n<p class=\"p1\"><strong>WELLKER WIENERBERGER:<\/strong> Rio, Alegra 12 B, Alegra 12 T, Alegra 15, Campa (ZZ), Cavus 13, Cosmo 15, Herzzigel, Mondo 12, Mondo 15 S, Tradi 15, Strangfalzziegel, Fama Flachschiebeziegel 13 (ZZ), Fidelio, Figaro, Figaro Delux, Wiener Norma, Sulm Verschiebeziegel, Mulde Verschiebeziegel, Landdach Verschiebeziegel, Strangfalzziegel gepresst, Planoton 14, Renoton 14, Traditon 11, Traditon 14, Datura, JPV 2, Jura (ZZ), Neva Nova (ZZ), Losangee, Standard S, Tradi 12<\/p>\n<p class=\"p1\"><strong>MEYER-HOLSEN:<\/strong> Vario, Vario Geradeschnitt, Tandem Junior, Piano, Dacapo, Doppelfalzziegel, Garant, Hohlziegel, Castello<\/p>\n<p class=\"p1\"><strong>ROBEN:<\/strong> Elsass, Marseillerin (IT), Rheinland, Pilatus (CH)<\/p>\n<p class=\"p1\"><strong>JACOBI WALTHER:<\/strong> Z 2, Walther Stylist\u00ae, Walther tegula, Tradition, H 1, H 2<\/p>\n<p class=\"p1\"><strong>ABC KLINKER:<\/strong> TG10, Hohlfalzziegel, Modena 11<\/p>\n<p class=\"p1\"><strong>ZIEGEL RAPPERSWIL:<\/strong> Jura J72 (ZR), FS 03 (ZR), M72, MS95<\/p>\n<p class=\"p1\"><strong>MUCHLACKER:<\/strong> Z17, Z18 S, Z15 a N, Z1, Z16<\/p>\n<p class=\"p1\"><strong>BOTT:<\/strong> Bott Eder RB 25, Bott Eder Z 22<\/p>\n<p>36 boxes on a pallet<br \/>\n432 pieces on the pallet<\/p>\n","protected":false},"excerpt":{"rendered":"<p>410mm length without lead + 45mm lead Suitable for: CREATON: Domino, Eleganz, Kera, Ratio, Verh\u00e4ltnis (PL), H\u00f6n (IT), H\u00f6n (BeNeLux), Rustico, Cantus, Terra Optima, Mikado, Herzziegel, Terra Classica, Falzziegel, Megaton NELSKAMP: Doppelmuldenfalz-Ziegel D 15 \u00dc, Doppelmuldenfalz-Ziegel D 13 \u00dc, Hohlziegel, Reform-Ziegel R 13 S (Verschiebeziegel), Flachschiebeziegel R13 S, Rheinland-Ziegel R15 BRAAS: Br\u00fcgger, Horizon, Granat 11V, [&hellip;]<\/p>\n","protected":false},"featured_media":1539,"template":"","meta":{"_acf_changed":false,"slim_seo":{"title":"Model UniSol16 - Solen Master d.o.o.","description":"410mm length without lead + 45mm lead Suitable for: CREATON: Domino, Eleganz, Kera, Ratio, Verh\u00e4ltnis (PL), H\u00f6n (IT), H\u00f6n (BeNeLux), Rustico, Cantus, Terra Opti"}},"product_brand":[],"product_cat":[41],"product_tag":[],"class_list":{"0":"post-1530","1":"product","2":"type-product","3":"status-publish","4":"has-post-thumbnail","6":"product_cat-tin-roof-tiles","8":"first","9":"instock","10":"shipping-taxable","11":"purchasable","12":"product-type-variable"},"acf":[],"_links":{"self":[{"href":"https:\/\/solenmaster.ba\/en\/wp-json\/wp\/v2\/product\/1530","targetHints":{"allow":["GET"]}}],"collection":[{"href":"https:\/\/solenmaster.ba\/en\/wp-json\/wp\/v2\/product"}],"about":[{"href":"https:\/\/solenmaster.ba\/en\/wp-json\/wp\/v2\/types\/product"}],"wp:featuredmedia":[{"embeddable":true,"href":"https:\/\/solenmaster.ba\/en\/wp-json\/wp\/v2\/media\/1539"}],"wp:attachment":[{"href":"https:\/\/solenmaster.ba\/en\/wp-json\/wp\/v2\/media?parent=1530"}],"wp:term":[{"taxonomy":"product_brand","embeddable":true,"href":"https:\/\/solenmaster.ba\/en\/wp-json\/wp\/v2\/product_brand?post=1530"},{"taxonomy":"product_cat","embeddable":true,"href":"https:\/\/solenmaster.ba\/en\/wp-json\/wp\/v2\/product_cat?post=1530"},{"taxonomy":"product_tag","embeddable":true,"href":"https:\/\/solenmaster.ba\/en\/wp-json\/wp\/v2\/product_tag?post=1530"}],"curies":[{"name":"wp","href":"https:\/\/api.w.org\/{rel}","templated":true}]}}