{"id":1323,"date":"2023-10-14T19:00:15","date_gmt":"2023-10-14T18:00:15","guid":{"rendered":"https:\/\/solenmaster.ba\/proizvod\/sm-hook-flex\/"},"modified":"2023-12-14T19:06:01","modified_gmt":"2023-12-14T18:06:01","slug":"sm-hook-flex","status":"publish","type":"product","link":"https:\/\/solenmaster.ba\/de\/produkt\/sm-hook-flex\/","title":{"rendered":"SM Hook Flex"},"content":{"rendered":"<p>Dachhalter-Tr\u00e4ger (Dachhaken) f\u00fcr Solarmodule (Schienen)<br \/>\nH\u00f6henverfahrweg 15 mm und 150 nach links und rechts.<\/p>\n<p>Material: Aluminium<\/p>\n","protected":false},"excerpt":{"rendered":"<p>Dachhalter-Tr\u00e4ger (Dachhaken) f\u00fcr Solarmodule (Schienen) H\u00f6henverfahrweg 15 mm und 150 nach links und rechts. Material: Aluminium<\/p>\n","protected":false},"featured_media":1315,"template":"","meta":{"_acf_changed":false,"slim_seo":{"title":"SM Hook Flex - Solen Master d.o.o.","description":"Dachhalter-Tr\u00e4ger (Dachhaken) f\u00fcr Solarmodule (Schienen) H\u00f6henverfahrweg 15 mm und 150 nach links und rechts. Material: Aluminium"}},"product_brand":[],"product_cat":[50],"product_tag":[],"class_list":{"0":"post-1323","1":"product","2":"type-product","3":"status-publish","4":"has-post-thumbnail","6":"product_cat-dachhalter","8":"first","9":"instock","10":"shipping-taxable","11":"purchasable","12":"product-type-simple"},"acf":[],"_links":{"self":[{"href":"https:\/\/solenmaster.ba\/de\/wp-json\/wp\/v2\/product\/1323","targetHints":{"allow":["GET"]}}],"collection":[{"href":"https:\/\/solenmaster.ba\/de\/wp-json\/wp\/v2\/product"}],"about":[{"href":"https:\/\/solenmaster.ba\/de\/wp-json\/wp\/v2\/types\/product"}],"wp:featuredmedia":[{"embeddable":true,"href":"https:\/\/solenmaster.ba\/de\/wp-json\/wp\/v2\/media\/1315"}],"wp:attachment":[{"href":"https:\/\/solenmaster.ba\/de\/wp-json\/wp\/v2\/media?parent=1323"}],"wp:term":[{"taxonomy":"product_brand","embeddable":true,"href":"https:\/\/solenmaster.ba\/de\/wp-json\/wp\/v2\/product_brand?post=1323"},{"taxonomy":"product_cat","embeddable":true,"href":"https:\/\/solenmaster.ba\/de\/wp-json\/wp\/v2\/product_cat?post=1323"},{"taxonomy":"product_tag","embeddable":true,"href":"https:\/\/solenmaster.ba\/de\/wp-json\/wp\/v2\/product_tag?post=1323"}],"curies":[{"name":"wp","href":"https:\/\/api.w.org\/{rel}","templated":true}]}}