{"id":1144,"date":"2023-11-04T18:35:12","date_gmt":"2023-11-04T17:35:12","guid":{"rendered":"https:\/\/solenmaster.ba\/proizvod\/model-t-290\/"},"modified":"2023-11-04T18:35:12","modified_gmt":"2023-11-04T17:35:12","slug":"model-t-290","status":"publish","type":"product","link":"https:\/\/solenmaster.ba\/de\/produkt\/model-t-290\/","title":{"rendered":"Model T-290"},"content":{"rendered":"<p><strong>Passend f\u00fcr:<\/strong><br \/>\nF10\u00dc-Nelskamp, F10\u00dc-Nibra\/Nelskamp, F12\u00dc Nord-Nibra Nelksamp,<br \/>\nF12\u00dc Sud**-Nelskamp<\/p>\n","protected":false},"excerpt":{"rendered":"<p>Passend f\u00fcr: F10\u00dc-Nelskamp, F10\u00dc-Nibra\/Nelskamp, F12\u00dc Nord-Nibra Nelksamp, F12\u00dc Sud**-Nelskamp<\/p>\n","protected":false},"featured_media":879,"template":"","meta":{"_acf_changed":false,"slim_seo":{"title":"Model T-290 - Solen Master d.o.o.","description":"Passend f\u00fcr: F10\u00dc-Nelskamp, F10\u00dc-Nibra\/Nelskamp, F12\u00dc Nord-Nibra Nelksamp, F12\u00dc Sud**-Nelskamp"}},"product_brand":[],"product_cat":[45],"product_tag":[],"class_list":{"0":"post-1144","1":"product","2":"type-product","3":"status-publish","4":"has-post-thumbnail","6":"product_cat-metalldachplatte","8":"first","9":"instock","10":"shipping-taxable","11":"purchasable","12":"product-type-variable"},"acf":[],"_links":{"self":[{"href":"https:\/\/solenmaster.ba\/de\/wp-json\/wp\/v2\/product\/1144","targetHints":{"allow":["GET"]}}],"collection":[{"href":"https:\/\/solenmaster.ba\/de\/wp-json\/wp\/v2\/product"}],"about":[{"href":"https:\/\/solenmaster.ba\/de\/wp-json\/wp\/v2\/types\/product"}],"wp:featuredmedia":[{"embeddable":true,"href":"https:\/\/solenmaster.ba\/de\/wp-json\/wp\/v2\/media\/879"}],"wp:attachment":[{"href":"https:\/\/solenmaster.ba\/de\/wp-json\/wp\/v2\/media?parent=1144"}],"wp:term":[{"taxonomy":"product_brand","embeddable":true,"href":"https:\/\/solenmaster.ba\/de\/wp-json\/wp\/v2\/product_brand?post=1144"},{"taxonomy":"product_cat","embeddable":true,"href":"https:\/\/solenmaster.ba\/de\/wp-json\/wp\/v2\/product_cat?post=1144"},{"taxonomy":"product_tag","embeddable":true,"href":"https:\/\/solenmaster.ba\/de\/wp-json\/wp\/v2\/product_tag?post=1144"}],"curies":[{"name":"wp","href":"https:\/\/api.w.org\/{rel}","templated":true}]}}