{"id":1213,"date":"2023-11-02T18:33:07","date_gmt":"2023-11-02T17:33:07","guid":{"rendered":"https:\/\/solenmaster.ba\/uvjeti-koristenja-i-polica-privatnosti\/"},"modified":"2024-03-21T07:48:47","modified_gmt":"2024-03-21T06:48:47","slug":"datenschutz","status":"publish","type":"page","link":"https:\/\/solenmaster.ba\/de\/datenschutz\/","title":{"rendered":"Datenschutz"},"content":{"rendered":"<h1><strong>Nutzungsbedingungen und Datenschutz<\/strong><\/h1>\n<h3>Speicherung personenbezogener Daten<\/h3>\n<p>Diese Website sammelt Ihre Daten im Zusammenhang mit Anfragen oder Produktbestellungen, die Sie t\u00e4tigen m\u00f6chten, dem Formular f\u00fcr individuelle Produktanfragen und dem Kontaktformular. Die Daten, die Sie uns elektronisch auf dieser Website zur Verf\u00fcgung stellen, wie Name, Nachname, Kontaktnummer, physische Adresse, E-Mail-Adresse, Firmenname, werden uns zusammen mit der Zeit und der IP-Adresse \u00fcbermittelt. Die Daten werden nur f\u00fcr den angegebenen Zweck verwendet, sicher gespeichert und nicht an Dritte weitergegeben.<\/p>\n<p>Diese Informationen werden verwendet, um eine E-Mail zu senden, durch die wir Ihre Anfrage an unsere E-Mail-Adresse erhalten, verarbeiten und so schnell wie m\u00f6glich antworten. Dar\u00fcber hinaus werden wir die E-Mail-Adresse zu Marketingzwecken (\u00fcber die MailChimp-Plattform) verwenden, um Sie \u00fcber unsere Dienstleistungen, Aktionen und Updates im Unternehmen zu informieren.<\/p>\n<p>Die Rocket Science Group LLC (MailChimp) betreibt Online-Plattformen, die es unseren Benutzern erm\u00f6glichen, \u00fcber E-Mail in Kontakt zu bleiben. Sie erm\u00f6glichen es den Benutzern, E-Mail-Adressen in die MailChimp-Datenbank zu \u00fcbertragen. Diese Informationen werden verwendet, um E-Mails zu senden und erm\u00f6glichen die Verwendung bestimmter anderer MailChimp-Funktionen f\u00fcr diese Benutzer. Gem\u00e4\u00df den ver\u00f6ffentlichten Datenschutzbestimmungen gibt MailChimp einige Daten an Dritte weiter, um Benutzern die von MailChimp erbrachten Dienstleistungen zu bieten und zu unterst\u00fctzen. MailChimp teilt auch einige Informationen mit unabh\u00e4ngigen Werbetreibenden, um die Bed\u00fcrfnisse und Interessen der Benutzer besser zu verstehen, um diesen Benutzern und anderen Benutzern relevanteren Inhalt und gezielte Werbung bieten zu k\u00f6nnen.<\/p>\n<h3>Wie wir Ihre Daten verwenden werden<\/h3>\n<p>Wir verwenden Ihre pers\u00f6nlichen Daten nur zur Kommunikation mit Ihnen oder Besuchern, die ausdr\u00fccklich um Kontakt bitten, sowie zur Abwicklung der auf dieser Website angebotenen Dienstleistungen und Produkte. Wir werden Ihre pers\u00f6nlichen Daten ohne Zustimmung nicht offenlegen, k\u00f6nnen jedoch nicht ausschlie\u00dfen, dass diese Daten im Falle rechtswidrigen Verhaltens sichtbar werden. Wir sammeln Informationen \u00fcber Sie, damit wir Sie kontaktieren und auf Ihre Anfrage antworten k\u00f6nnen. Wir sammeln und verwenden Ihre notwendigen pers\u00f6nlichen Daten zum Zweck der Herstellung unserer Gesch\u00e4ftsbeziehung sowie w\u00e4hrend der G\u00fcltigkeitsdauer unserer Vertragsbeziehung. W\u00e4hrend der Dauer der Vertragsbeziehung senden wir Ihnen Benachrichtigungen \u00fcber Dienstleistungen, von denen wir glauben, dass sie f\u00fcr Sie von Interesse sein k\u00f6nnten.<\/p>\n<h3>L\u00f6schen Ihrer Daten<\/h3>\n<p>Jederzeit innerhalb der erhaltenen E-Mail k\u00f6nnen Sie Ihre Zustimmung zum Erhalt unseres Newsletters widerrufen, indem Sie auf den Link am Ende klicken. Wenn Sie sich durch Klicken auf den Abmelde-Link abmelden, werden Ihre Daten bei MailChimp gel\u00f6scht.<\/p>\n<h2>Cookies<\/h2>\n<p>Unsere Website https:\/\/solenmaster.ba verwendet Cookies und andere verwandte Technologien (aus Gr\u00fcnden der Praktikabilit\u00e4t werden alle Technologien als &#8222;Cookies&#8220; bezeichnet). Cookies werden von Dritten platziert, die wir beauftragt haben. Im Folgenden informieren wir Sie \u00fcber die Verwendung von Cookies auf unserer Website.<\/p>\n<h3>Was sind Cookies?<\/h3>\n<p>Ein Cookie ist eine kleine einfache Datei, die zusammen mit den Seiten dieser Website gesendet und auf der Festplatte Ihres Computers oder eines anderen Ger\u00e4ts gespeichert wird. Die auf ihnen gespeicherten Daten k\u00f6nnen bei einem sp\u00e4teren Besuch auf unsere Server oder die Server relevanter Dritter zur\u00fcckgegeben werden.<\/p>\n<h3>Zustimmung?<\/h3>\n<p>Wenn Sie unsere Website zum ersten Mal besuchen, zeigen wir Ihnen ein Pop-up-Fenster mit einer Erl\u00e4uterung zu Cookies an. Sobald Sie auf &#8222;Einstellungen speichern&#8220; klicken, stimmen Sie zu, die von Ihnen in dem Pop-up-Fenster ausgew\u00e4hlten Cookie-Kategorien und Add-ons zu verwenden, wie in diesen Cookie-Regeln beschrieben. Sie k\u00f6nnen die Verwendung von Cookies \u00fcber Ihren Browser deaktivieren, aber beachten Sie, dass unsere Website m\u00f6glicherweise nicht mehr ordnungsgem\u00e4\u00df funktioniert.<\/p>\n<h3>Arten von Cookies<\/h3>\n<h4>Technische oder funktionale Cookies<\/h4>\n<p>Einige Cookies gew\u00e4hrleisten, dass bestimmte Teile der Website ordnungsgem\u00e4\u00df funktionieren und Ihre Benutzereinstellungen bekannt bleiben. Durch das Platzieren funktionaler Cookies erleichtern wir Ihnen den Besuch unserer Website. Auf diese Weise m\u00fcssen Sie bei einem Besuch unserer Website nicht wiederholt dieselben Daten eingeben, und Gegenst\u00e4nde bleiben in Ihrem Warenkorb, bis Sie bezahlen. Diese Cookies k\u00f6nnen wir ohne Ihre Zustimmung platzieren.<\/p>\n<h4>Analytische Cookies<\/h4>\n<p>Analytische Cookies verwenden wir zur Optimierung der Website-Erfahrung f\u00fcr unsere Benutzer. Mit diesen analytischen Cookies erhalten wir Einblick in die Nutzung unserer Website. Bitte erteilen Sie die Erlaubnis zur Platzierung von analytischen Cookies.<\/p>\n<h3>Aktivieren \/ Deaktivieren und L\u00f6schen von Cookies<\/h3>\n<p>Sie k\u00f6nnen Ihren Internetbrowser verwenden, um Cookies automatisch oder manuell zu l\u00f6schen. Sie k\u00f6nnen auch festlegen, dass bestimmte Cookies nicht platziert werden d\u00fcrfen. Eine andere Option besteht darin, die Einstellungen Ihres Internetbrowsers so zu \u00e4ndern, dass Sie jedes Mal eine Nachricht erhalten, wenn ein Cookie platziert wird. Weitere Informationen zu diesen Optionen finden Sie in den Anweisungen im Hilfemen\u00fc Ihres Browsers. Beachten Sie, dass unsere Website m\u00f6glicherweise nicht ordnungsgem\u00e4\u00df funktioniert, wenn alle Cookies deaktiviert sind. Wenn Sie Cookies in Ihrem Browser l\u00f6schen, werden sie nach Ihrer Zustimmung bei einem erneuten Besuch unserer Website erneut platziert.<\/p>\n<h3>Kontaktangaben<\/h3>\n<p>F\u00fcr Fragen und \/ oder Kommentare zu unseren Cookie-Regeln und dieser Erkl\u00e4rung kontaktieren Sie uns bitte unter Verwendung der folgenden Kontaktdaten:<br \/>Solen Master d.o.o.<br \/>Adresse: Kamenice bb, Jajce 70101<br \/>Handy: 063\/318-220<br \/>E-Mail: info@solenmaster.ba<\/p>\n","protected":false},"excerpt":{"rendered":"<p>Nutzungsbedingungen und Datenschutz Speicherung personenbezogener Daten Diese Website sammelt Ihre Daten im Zusammenhang mit Anfragen oder Produktbestellungen, die Sie t\u00e4tigen m\u00f6chten, dem Formular f\u00fcr individuelle Produktanfragen und dem Kontaktformular. Die Daten, die Sie uns elektronisch auf dieser Website zur Verf\u00fcgung stellen, wie Name, Nachname, Kontaktnummer, physische Adresse, E-Mail-Adresse, Firmenname, werden uns zusammen mit der Zeit [&hellip;]<\/p>\n","protected":false},"author":1,"featured_media":0,"parent":0,"menu_order":0,"comment_status":"closed","ping_status":"closed","template":"","meta":{"_acf_changed":false,"slim_seo":{"title":"Datenschutz - Solen Master d.o.o.","description":"Nutzungsbedingungen und Datenschutz Speicherung personenbezogener Daten Diese Website sammelt Ihre Daten im Zusammenhang mit Anfragen oder Produktbestellungen,"},"footnotes":""},"class_list":["post-1213","page","type-page","status-publish","hentry"],"acf":[],"_links":{"self":[{"href":"https:\/\/solenmaster.ba\/de\/wp-json\/wp\/v2\/pages\/1213","targetHints":{"allow":["GET"]}}],"collection":[{"href":"https:\/\/solenmaster.ba\/de\/wp-json\/wp\/v2\/pages"}],"about":[{"href":"https:\/\/solenmaster.ba\/de\/wp-json\/wp\/v2\/types\/page"}],"author":[{"embeddable":true,"href":"https:\/\/solenmaster.ba\/de\/wp-json\/wp\/v2\/users\/1"}],"replies":[{"embeddable":true,"href":"https:\/\/solenmaster.ba\/de\/wp-json\/wp\/v2\/comments?post=1213"}],"version-history":[{"count":3,"href":"https:\/\/solenmaster.ba\/de\/wp-json\/wp\/v2\/pages\/1213\/revisions"}],"predecessor-version":[{"id":1224,"href":"https:\/\/solenmaster.ba\/de\/wp-json\/wp\/v2\/pages\/1213\/revisions\/1224"}],"wp:attachment":[{"href":"https:\/\/solenmaster.ba\/de\/wp-json\/wp\/v2\/media?parent=1213"}],"curies":[{"name":"wp","href":"https:\/\/api.w.org\/{rel}","templated":true}]}}